{"id":84,"date":"2022-01-11T10:08:05","date_gmt":"2022-01-11T09:08:05","guid":{"rendered":"https:\/\/jolly-shirley.5-9-93-119.plesk.page\/?page_id=84"},"modified":"2022-01-14T13:10:11","modified_gmt":"2022-01-14T12:10:11","slug":"vorschau-auf-die-naechsten-studiogaeste","status":"publish","type":"page","link":"https:\/\/jolly-shirley.5-9-93-119.plesk.page\/index.php\/vorschau-auf-die-naechsten-studiogaeste\/","title":{"rendered":"Vorschau auf die n\u00e4chsten Studiog\u00e4ste"},"content":{"rendered":"<h2 style=\"text-align: center;\"><span style=\"color: #f70505;\"><strong>Die n\u00e4chsten Sendungen:<\/strong><\/span><\/h2>\n<h4><span style=\"color: #f70505;\">Bald auf der Schlagercouch:<\/span><\/h4>\n<h5><span style=\"color: #00abcc;\"><em>Gina Brese<\/em><\/span><\/h5>\n<p><span style=\"color: #00abcc;\"><img fetchpriority=\"high\" decoding=\"async\" src=\"https:\/\/jolly-shirley.5-9-93-119.plesk.page\/wp-content\/uploads\/2022\/01\/Gina-Brese-300x200.jpg\" alt=\"Foto von Gina Brese mit Saxophon\" width=\"300\" height=\"200\" class=\"wp-image-495 size-medium alignleft\" srcset=\"https:\/\/jolly-shirley.5-9-93-119.plesk.page\/wp-content\/uploads\/2022\/01\/Gina-Brese-300x200.jpg 300w, https:\/\/jolly-shirley.5-9-93-119.plesk.page\/wp-content\/uploads\/2022\/01\/Gina-Brese-1024x683.jpg 1024w, https:\/\/jolly-shirley.5-9-93-119.plesk.page\/wp-content\/uploads\/2022\/01\/Gina-Brese-768x512.jpg 768w, https:\/\/jolly-shirley.5-9-93-119.plesk.page\/wp-content\/uploads\/2022\/01\/Gina-Brese-1536x1024.jpg 1536w, https:\/\/jolly-shirley.5-9-93-119.plesk.page\/wp-content\/uploads\/2022\/01\/Gina-Brese-2048x1365.jpg 2048w, https:\/\/jolly-shirley.5-9-93-119.plesk.page\/wp-content\/uploads\/2022\/01\/Gina-Brese-360x240.jpg 360w\" sizes=\"(max-width: 300px) 100vw, 300px\" \/>Sie war 8 Jahre alt als Sie anfing f\u00fcr den Jazz und die Musik zu interessieren. Schnell wurde ihr klar, ich m\u00f6chte ein Instrument erlernen, welches mir Spa\u00df macht. Mit 11 Jahren habe Sie zum ersten Mal ein Saxophon in die Hand genommen. Sie war direkt so fasziniert von diesem Instrument, dass es Sie nicht mehr losgelassen hat.<\/span><\/p>\n<p><span style=\"color: #00abcc;\">Bald folgte das erste eigene Instrument, ein Alt-Saxophon, und dies war der Beginn, Mit 14 Jahren wollte Sie mehr als Lieder vom Notenblatt spielen und fing an zu improvisieren. Nicht mehr nur zu Jazz-Standards nach Schule, sondern auch zur House- und Pop-Musik und vielem mehr. Alles was im Radio lief musste mit ihren Saxophon Kl\u00e4ngen verfeinert werden.<\/span><\/p>\n<p><span style=\"color: #00abcc;\">Saxophonistin Gina Brese hat schon fr\u00fch gewusst, dass Ihr Herz f\u00fcr das Saxophon schl\u00e4gt und es das ist, was sie machen m\u00f6chte. Schon in jungen Jahren stand sie auf gro\u00dfen B\u00fchnen und wusste das Sie Musikerin werden m\u00f6chte. Als bisheriges Hightlight in ihrer Karriere hat sie mit Rod Stewart zusammen live vor 50.000 Zuschauern und Millionen Zuschauern weltweit im Fernsehen performt.<\/span><\/p>\n<p>&nbsp;<\/p>\n<h5><span style=\"color: #00abcc;\"><em>Graham Bonney<\/em><\/span><\/h5>\n<div id=\"attachment_496\" style=\"width: 369px\" class=\"wp-caption alignright\"><img decoding=\"async\" aria-describedby=\"caption-attachment-496\" src=\"https:\/\/jolly-shirley.5-9-93-119.plesk.page\/wp-content\/uploads\/2022\/01\/02-GRAHAM-BONNEY-Fotograf-Manfred-Esser-300x199.jpg\" alt=\"Graham Bonney mit Westerngitarre\" width=\"359\" height=\"238\" class=\"wp-image-496 \" srcset=\"https:\/\/jolly-shirley.5-9-93-119.plesk.page\/wp-content\/uploads\/2022\/01\/02-GRAHAM-BONNEY-Fotograf-Manfred-Esser-300x199.jpg 300w, https:\/\/jolly-shirley.5-9-93-119.plesk.page\/wp-content\/uploads\/2022\/01\/02-GRAHAM-BONNEY-Fotograf-Manfred-Esser-768x509.jpg 768w, https:\/\/jolly-shirley.5-9-93-119.plesk.page\/wp-content\/uploads\/2022\/01\/02-GRAHAM-BONNEY-Fotograf-Manfred-Esser-360x240.jpg 360w, https:\/\/jolly-shirley.5-9-93-119.plesk.page\/wp-content\/uploads\/2022\/01\/02-GRAHAM-BONNEY-Fotograf-Manfred-Esser.jpg 1000w\" sizes=\"(max-width: 359px) 100vw, 359px\" \/><p id=\"caption-attachment-496\" class=\"wp-caption-text\"><span style=\"color: #00abcc;\">Foto: Manfred Esser<\/span><\/p><\/div>\n<p><span style=\"color: #00abcc;\">Graham Bonney wurde 1943 in London geboren. Sein erster Hit, der sich wochenlang auch in den Charts platzierte, war \u201eSupergirl\u201c. Am 18. Januar 1969 trat er zum ersten Mal in der ZDF Hitparade auf. Es war gleichzeitig auch die erste Ausgabe. \u201eW\u00e4hle 3-3-3\u201c erreichte in der Ausgabe im Februar 1969 Platz 4.<\/span><\/p>\n<p><span style=\"color: #00abcc;\">Es folgten auch Auftritte in Musikfilmen wie \u201eWenn die tollen Tanten kommen\u201c im Jahr 1970, u. A. mit Rudi Carrell. \u201eSiebenmeilenstiefel\u201c, \u201eHey, little Lady\u201c oder \u201ePapa Joe\u201c sind nur einige Hits, die sich in deutschen Hitparaden weit oben platzierten. Im Jahr 2019 erschien ein neues Album mit dem Titel: \u201eMy life is rock \u0301n roll und Schlager\u201c.<\/span><\/p>\n<p><span style=\"color: #00abcc;\">\u201eOne Night in Rio\u201c ist die neue Single, die 2021 erschien.<\/span><\/p>\n<p><span style=\"color: #00abcc;\">Graham Bonney ist noch viel auf Tour, als gerngesehener Gast bei Oldieveranstaltungen oder bei Schlagerreisen mit dem Kreuzfahrtschiff, z.B. im April in die Dom. Republik.<\/span><\/p>\n","protected":false},"excerpt":{"rendered":"<p>Die n\u00e4chsten Sendungen: Bald auf der Schlagercouch: Gina Brese Sie war 8 Jahre alt als Sie anfing f\u00fcr den Jazz und die Musik zu interessieren. Schnell wurde ihr klar, ich m\u00f6chte ein Instrument erlernen, welches mir Spa\u00df macht. Mit 11 Jahren habe Sie zum ersten Mal ein Saxophon in die<\/p>\n","protected":false},"author":1,"featured_media":0,"parent":0,"menu_order":0,"comment_status":"closed","ping_status":"closed","template":"","meta":{"footnotes":""},"class_list":["post-84","page","type-page","status-publish","hentry"],"_links":{"self":[{"href":"https:\/\/jolly-shirley.5-9-93-119.plesk.page\/index.php\/wp-json\/wp\/v2\/pages\/84","targetHints":{"allow":["GET"]}}],"collection":[{"href":"https:\/\/jolly-shirley.5-9-93-119.plesk.page\/index.php\/wp-json\/wp\/v2\/pages"}],"about":[{"href":"https:\/\/jolly-shirley.5-9-93-119.plesk.page\/index.php\/wp-json\/wp\/v2\/types\/page"}],"author":[{"embeddable":true,"href":"https:\/\/jolly-shirley.5-9-93-119.plesk.page\/index.php\/wp-json\/wp\/v2\/users\/1"}],"replies":[{"embeddable":true,"href":"https:\/\/jolly-shirley.5-9-93-119.plesk.page\/index.php\/wp-json\/wp\/v2\/comments?post=84"}],"version-history":[{"count":4,"href":"https:\/\/jolly-shirley.5-9-93-119.plesk.page\/index.php\/wp-json\/wp\/v2\/pages\/84\/revisions"}],"predecessor-version":[{"id":498,"href":"https:\/\/jolly-shirley.5-9-93-119.plesk.page\/index.php\/wp-json\/wp\/v2\/pages\/84\/revisions\/498"}],"wp:attachment":[{"href":"https:\/\/jolly-shirley.5-9-93-119.plesk.page\/index.php\/wp-json\/wp\/v2\/media?parent=84"}],"curies":[{"name":"wp","href":"https:\/\/api.w.org\/{rel}","templated":true}]}}