{"id":75,"date":"2022-01-11T09:58:23","date_gmt":"2022-01-11T08:58:23","guid":{"rendered":"https:\/\/jolly-shirley.5-9-93-119.plesk.page\/?page_id=75"},"modified":"2022-01-14T12:51:36","modified_gmt":"2022-01-14T11:51:36","slug":"das-schlagercouch-team","status":"publish","type":"page","link":"https:\/\/jolly-shirley.5-9-93-119.plesk.page\/index.php\/das-schlagercouch-team\/","title":{"rendered":"Das Schlagercouch-Team"},"content":{"rendered":"<h4><img fetchpriority=\"high\" decoding=\"async\" src=\"https:\/\/jolly-shirley.5-9-93-119.plesk.page\/wp-content\/uploads\/2022\/01\/WhatsApp-Image-2022-01-09-at-13.30.53-300x225.jpeg\" alt=\"\" width=\"300\" height=\"225\" class=\"size-medium wp-image-492 alignright\" srcset=\"https:\/\/jolly-shirley.5-9-93-119.plesk.page\/wp-content\/uploads\/2022\/01\/WhatsApp-Image-2022-01-09-at-13.30.53-300x225.jpeg 300w, https:\/\/jolly-shirley.5-9-93-119.plesk.page\/wp-content\/uploads\/2022\/01\/WhatsApp-Image-2022-01-09-at-13.30.53-1024x768.jpeg 1024w, https:\/\/jolly-shirley.5-9-93-119.plesk.page\/wp-content\/uploads\/2022\/01\/WhatsApp-Image-2022-01-09-at-13.30.53-768x576.jpeg 768w, https:\/\/jolly-shirley.5-9-93-119.plesk.page\/wp-content\/uploads\/2022\/01\/WhatsApp-Image-2022-01-09-at-13.30.53-1536x1152.jpeg 1536w, https:\/\/jolly-shirley.5-9-93-119.plesk.page\/wp-content\/uploads\/2022\/01\/WhatsApp-Image-2022-01-09-at-13.30.53.jpeg 2048w\" sizes=\"(max-width: 300px) 100vw, 300px\" \/><span style=\"color: #00abcc;\">Manfred Simsch<\/span><\/h4>\n<p><span style=\"color: #00abcc;\">Durch seine Erfahrung aus \u00fcber 30 Jahren TV- und Filmproduktion bringt Manfred in jede Produktion Ruhe und Gelassenheit.<\/span><\/p>\n<p>&nbsp;<\/p>\n<p>&nbsp;<\/p>\n<h4><img decoding=\"async\" src=\"https:\/\/jolly-shirley.5-9-93-119.plesk.page\/wp-content\/uploads\/2022\/01\/WhatsApp-Image-2022-01-09-at-13.30.54-300x225.jpeg\" alt=\"\" width=\"300\" height=\"225\" class=\"size-medium wp-image-491 alignleft\" srcset=\"https:\/\/jolly-shirley.5-9-93-119.plesk.page\/wp-content\/uploads\/2022\/01\/WhatsApp-Image-2022-01-09-at-13.30.54-300x225.jpeg 300w, https:\/\/jolly-shirley.5-9-93-119.plesk.page\/wp-content\/uploads\/2022\/01\/WhatsApp-Image-2022-01-09-at-13.30.54-1024x768.jpeg 1024w, https:\/\/jolly-shirley.5-9-93-119.plesk.page\/wp-content\/uploads\/2022\/01\/WhatsApp-Image-2022-01-09-at-13.30.54-768x576.jpeg 768w, https:\/\/jolly-shirley.5-9-93-119.plesk.page\/wp-content\/uploads\/2022\/01\/WhatsApp-Image-2022-01-09-at-13.30.54-1536x1152.jpeg 1536w, https:\/\/jolly-shirley.5-9-93-119.plesk.page\/wp-content\/uploads\/2022\/01\/WhatsApp-Image-2022-01-09-at-13.30.54.jpeg 2048w\" sizes=\"(max-width: 300px) 100vw, 300px\" \/><span style=\"color: #00abcc;\">Thorben Potthast<\/span><\/h4>\n<p><span style=\"color: #00abcc;\">Thorben fungiert w\u00e4hrend der Sendung mit Manfred zusammen als Techniker. Au\u00dferdem k\u00fcmmert er sich um alles was mit (Produktions-)technik und dem Studio zutun hat.<\/span><\/p>\n","protected":false},"excerpt":{"rendered":"<p>Manfred Simsch Durch seine Erfahrung aus \u00fcber 30 Jahren TV- und Filmproduktion bringt Manfred in jede Produktion Ruhe und Gelassenheit. &nbsp; &nbsp; Thorben Potthast Thorben fungiert w\u00e4hrend der Sendung mit Manfred zusammen als Techniker. Au\u00dferdem k\u00fcmmert er sich um alles was mit (Produktions-)technik und dem Studio zutun hat.<\/p>\n","protected":false},"author":1,"featured_media":0,"parent":0,"menu_order":0,"comment_status":"closed","ping_status":"closed","template":"","meta":{"footnotes":""},"class_list":["post-75","page","type-page","status-publish","hentry"],"_links":{"self":[{"href":"https:\/\/jolly-shirley.5-9-93-119.plesk.page\/index.php\/wp-json\/wp\/v2\/pages\/75","targetHints":{"allow":["GET"]}}],"collection":[{"href":"https:\/\/jolly-shirley.5-9-93-119.plesk.page\/index.php\/wp-json\/wp\/v2\/pages"}],"about":[{"href":"https:\/\/jolly-shirley.5-9-93-119.plesk.page\/index.php\/wp-json\/wp\/v2\/types\/page"}],"author":[{"embeddable":true,"href":"https:\/\/jolly-shirley.5-9-93-119.plesk.page\/index.php\/wp-json\/wp\/v2\/users\/1"}],"replies":[{"embeddable":true,"href":"https:\/\/jolly-shirley.5-9-93-119.plesk.page\/index.php\/wp-json\/wp\/v2\/comments?post=75"}],"version-history":[{"count":3,"href":"https:\/\/jolly-shirley.5-9-93-119.plesk.page\/index.php\/wp-json\/wp\/v2\/pages\/75\/revisions"}],"predecessor-version":[{"id":493,"href":"https:\/\/jolly-shirley.5-9-93-119.plesk.page\/index.php\/wp-json\/wp\/v2\/pages\/75\/revisions\/493"}],"wp:attachment":[{"href":"https:\/\/jolly-shirley.5-9-93-119.plesk.page\/index.php\/wp-json\/wp\/v2\/media?parent=75"}],"curies":[{"name":"wp","href":"https:\/\/api.w.org\/{rel}","templated":true}]}}