{"id":73,"date":"2022-01-11T09:57:55","date_gmt":"2022-01-11T08:57:55","guid":{"rendered":"https:\/\/jolly-shirley.5-9-93-119.plesk.page\/?page_id=73"},"modified":"2022-01-14T12:40:42","modified_gmt":"2022-01-14T11:40:42","slug":"das-studio","status":"publish","type":"page","link":"https:\/\/jolly-shirley.5-9-93-119.plesk.page\/index.php\/das-studio\/","title":{"rendered":"Das Studio"},"content":{"rendered":"<p><span style=\"color: #00abcc;\">Das Studio aus dem die Schlagercouch regelm\u00e4\u00dfig aufgezeichnet wird, befindet sich im Dortmunder Stadtteil Wambel. <\/span><br \/>\n<span style=\"color: #00abcc;\"><img fetchpriority=\"high\" decoding=\"async\" src=\"https:\/\/jolly-shirley.5-9-93-119.plesk.page\/wp-content\/uploads\/2022\/01\/cropped-Studiosetting-300x225.jpg\" alt=\"\" width=\"300\" height=\"225\" class=\"size-medium wp-image-8 alignleft\" srcset=\"https:\/\/jolly-shirley.5-9-93-119.plesk.page\/wp-content\/uploads\/2022\/01\/cropped-Studiosetting-300x225.jpg 300w, https:\/\/jolly-shirley.5-9-93-119.plesk.page\/wp-content\/uploads\/2022\/01\/cropped-Studiosetting-1024x768.jpg 1024w, https:\/\/jolly-shirley.5-9-93-119.plesk.page\/wp-content\/uploads\/2022\/01\/cropped-Studiosetting-768x576.jpg 768w, https:\/\/jolly-shirley.5-9-93-119.plesk.page\/wp-content\/uploads\/2022\/01\/cropped-Studiosetting-1536x1152.jpg 1536w, https:\/\/jolly-shirley.5-9-93-119.plesk.page\/wp-content\/uploads\/2022\/01\/cropped-Studiosetting-1140x855.jpg 1140w, https:\/\/jolly-shirley.5-9-93-119.plesk.page\/wp-content\/uploads\/2022\/01\/cropped-Studiosetting.jpg 2048w\" sizes=\"(max-width: 300px) 100vw, 300px\" \/>Es ist ein kleines, aber feines Studio. Mit im Studio integriert ist unser Greenbox-Setting, wo K\u00fcnstler die M\u00f6glichkeit haben ein, oder maximal zwei kurze Lieder, bei uns vor einer Greenbox zu produzieren. Das Studio besitzt drei Kameras und kann bei Bedarf um weitere Kameras erweitert werden. Das Studio wird mit 5 LED-Fl\u00e4chenleuchten, sowie mehreren mobilen Fl\u00e4chenleuchten ausgeleuchtet. Desweiteren besitzt das Studio LED-PAR-Leuchten, welche DMX-gesteuert, die Farben wechseln k\u00f6nnen. Ferner integriert sind 3 Headset Funkstrecken f\u00fcr Moderation und G\u00e4ste. \u00dcber einen Monitor k\u00f6nnen<img decoding=\"async\" src=\"https:\/\/jolly-shirley.5-9-93-119.plesk.page\/wp-content\/uploads\/2022\/01\/WhatsApp-Image-2022-01-13-at-18.15.59-300x225.jpeg\" alt=\"\" width=\"300\" height=\"225\" class=\"size-medium wp-image-487 alignright\" srcset=\"https:\/\/jolly-shirley.5-9-93-119.plesk.page\/wp-content\/uploads\/2022\/01\/WhatsApp-Image-2022-01-13-at-18.15.59-300x225.jpeg 300w, https:\/\/jolly-shirley.5-9-93-119.plesk.page\/wp-content\/uploads\/2022\/01\/WhatsApp-Image-2022-01-13-at-18.15.59-1024x768.jpeg 1024w, https:\/\/jolly-shirley.5-9-93-119.plesk.page\/wp-content\/uploads\/2022\/01\/WhatsApp-Image-2022-01-13-at-18.15.59-768x576.jpeg 768w, https:\/\/jolly-shirley.5-9-93-119.plesk.page\/wp-content\/uploads\/2022\/01\/WhatsApp-Image-2022-01-13-at-18.15.59-1536x1152.jpeg 1536w, https:\/\/jolly-shirley.5-9-93-119.plesk.page\/wp-content\/uploads\/2022\/01\/WhatsApp-Image-2022-01-13-at-18.15.59.jpeg 1600w\" sizes=\"(max-width: 300px) 100vw, 300px\" \/> der Moderator und der Gast \/ die G\u00e4ste auch bei Einspielungen den entsprechenden Ton h\u00f6ren. Ein 16-fach XLR Input und 4-fach XLR Output Multicore bieten Platz f\u00fcr weitere Audioquellen und R\u00fcckwege.<\/span><br \/>\n<span style=\"color: #00abcc;\">Ferner sind im Studio zwei Monitore \u00fcber die k\u00f6nnen die G\u00e4ste und der Moderator das Livebild verfolgen.<\/span><\/p>\n<p><span style=\"color: #00abcc;\">Im angrenzenden Aufenthaltsraum k\u00f6nnen Begleiter der K\u00fcnstler sich \u00fcber einen Monitor die Sendung verfolgen. Hier wird auch durch uns f\u00fcr ein kleines Fr\u00fchst\u00fcck gesorgt.<\/span><\/p>\n<p><span style=\"color: #00abcc;\"><img decoding=\"async\" src=\"https:\/\/jolly-shirley.5-9-93-119.plesk.page\/wp-content\/uploads\/2022\/01\/WhatsApp-Image-2022-01-09-at-13.30.56-300x225.jpeg\" alt=\"\" width=\"300\" height=\"225\" class=\"size-medium wp-image-488 alignleft\" srcset=\"https:\/\/jolly-shirley.5-9-93-119.plesk.page\/wp-content\/uploads\/2022\/01\/WhatsApp-Image-2022-01-09-at-13.30.56-300x225.jpeg 300w, https:\/\/jolly-shirley.5-9-93-119.plesk.page\/wp-content\/uploads\/2022\/01\/WhatsApp-Image-2022-01-09-at-13.30.56-1024x768.jpeg 1024w, https:\/\/jolly-shirley.5-9-93-119.plesk.page\/wp-content\/uploads\/2022\/01\/WhatsApp-Image-2022-01-09-at-13.30.56-768x576.jpeg 768w, https:\/\/jolly-shirley.5-9-93-119.plesk.page\/wp-content\/uploads\/2022\/01\/WhatsApp-Image-2022-01-09-at-13.30.56.jpeg 1398w\" sizes=\"(max-width: 300px) 100vw, 300px\" \/>Im separaten Regieraum wird durch einen erfahrenen Bildmischer und Tontechniker die Sendung gefahren. Hier besteht auch die M\u00f6glichkeit \u00fcber einen PC Animationen und Grafiken auf dem Monitore im Studio zuspielen.<\/span><\/p>\n<p><span style=\"color: #00abcc;\">Desweiteren ist es M\u00f6glich \u00fcber diverse Wege Live-Schaltungen zu externen Gespr\u00e4chspartnern herzustellen und Live in die Sendung zu geben.<\/span><\/p>\n<p><strong><span style=\"color: #ff0000;\">Bitte haben Sie daf\u00fcr Verst\u00e4ndnis, dass auf Grund der Gr\u00f6\u00dfe unserer R\u00e4umlichkeiten, wir es Fans und Publikum, sowie anderen externen Personen nicht erm\u00f6glichen k\u00f6nnten bei der Aufzeichnung zu gegen zu sein.<\/span><\/strong><\/p>\n","protected":false},"excerpt":{"rendered":"<p>Das Studio aus dem die Schlagercouch regelm\u00e4\u00dfig aufgezeichnet wird, befindet sich im Dortmunder Stadtteil Wambel. Es ist ein kleines, aber feines Studio. Mit im Studio integriert ist unser Greenbox-Setting, wo K\u00fcnstler die M\u00f6glichkeit haben ein, oder maximal zwei kurze Lieder, bei uns vor einer Greenbox zu produzieren. Das Studio besitzt<\/p>\n","protected":false},"author":1,"featured_media":0,"parent":0,"menu_order":0,"comment_status":"closed","ping_status":"closed","template":"","meta":{"footnotes":""},"class_list":["post-73","page","type-page","status-publish","hentry"],"_links":{"self":[{"href":"https:\/\/jolly-shirley.5-9-93-119.plesk.page\/index.php\/wp-json\/wp\/v2\/pages\/73","targetHints":{"allow":["GET"]}}],"collection":[{"href":"https:\/\/jolly-shirley.5-9-93-119.plesk.page\/index.php\/wp-json\/wp\/v2\/pages"}],"about":[{"href":"https:\/\/jolly-shirley.5-9-93-119.plesk.page\/index.php\/wp-json\/wp\/v2\/types\/page"}],"author":[{"embeddable":true,"href":"https:\/\/jolly-shirley.5-9-93-119.plesk.page\/index.php\/wp-json\/wp\/v2\/users\/1"}],"replies":[{"embeddable":true,"href":"https:\/\/jolly-shirley.5-9-93-119.plesk.page\/index.php\/wp-json\/wp\/v2\/comments?post=73"}],"version-history":[{"count":3,"href":"https:\/\/jolly-shirley.5-9-93-119.plesk.page\/index.php\/wp-json\/wp\/v2\/pages\/73\/revisions"}],"predecessor-version":[{"id":489,"href":"https:\/\/jolly-shirley.5-9-93-119.plesk.page\/index.php\/wp-json\/wp\/v2\/pages\/73\/revisions\/489"}],"wp:attachment":[{"href":"https:\/\/jolly-shirley.5-9-93-119.plesk.page\/index.php\/wp-json\/wp\/v2\/media?parent=73"}],"curies":[{"name":"wp","href":"https:\/\/api.w.org\/{rel}","templated":true}]}}