{"id":48,"date":"2022-01-10T22:03:51","date_gmt":"2022-01-10T21:03:51","guid":{"rendered":"https:\/\/jolly-shirley.5-9-93-119.plesk.page\/?page_id=48"},"modified":"2022-01-11T10:42:08","modified_gmt":"2022-01-11T09:42:08","slug":"aktuelle-meldungen-zur-schlagercouch","status":"publish","type":"page","link":"https:\/\/jolly-shirley.5-9-93-119.plesk.page\/index.php\/aktuelle-meldungen-zur-schlagercouch\/","title":{"rendered":"Aktuelles zur Schlagercouch"},"content":{"rendered":"<div class=\"cm-template-content__main design-content design_content cm-templates-text cm-container-large cm-container-xlarge cm-container-4-columns-to-2\" id=\"content_main\" data-cm-hintable=\"yes\">\n<h4 style=\"text-align: center;\"><strong><span style=\"color: #ff0000;\">Jede Woche eine neue Sendung !<br \/>\n<\/span><\/strong><\/h4>\n<h4 style=\"text-align: center;\"><strong><span style=\"color: #ff0000;\">R\u00fcckblick!\u00a0 91 Sendungen Schlagercouch im TV<\/span><\/strong><\/h4>\n<div id=\"widgetcontainer_STRATP_cm4all_com_widgets_UroPhoto_34053612\" class=\"cm_widget cm4all_com_widgets_UroPhoto cm_widget_float_left cm-pixel-medium\">\n<div xmlns=\"http:\/\/www.w3.org\/1999\/xhtml\" data-uro-type=\"image\" id=\"uroPhotoOuterSTRATP_cm4all_com_widgets_UroPhoto_34053612\"><picture><img loading=\"lazy\" decoding=\"async\" src=\"https:\/\/www.schlagercouch-tv.de\/.cm4all\/uproc.php\/0\/G%C3%A4ste\/20.09.2020\/.15da6a2e-1fae-4f05-b42c-6634df6ce6a6.jpeg\/picture-200?_=174ac6c5170\" data-uro-original=\"\/.cm4all\/uproc.php\/0\/G%C3%A4ste\/20.09.2020\/15da6a2e-1fae-4f05-b42c-6634df6ce6a6.jpeg?_=174ac6c5170\" onerror=\"uroGlobal().util.error(this, '', 'uro-widget')\" data-uro-width=\"1600\" data-uro-height=\"1200\" alt=\"\" title=\"\" loading=\"lazy\" class=\"alignleft\" width=\"272\" height=\"204\" \/><\/picture><span><\/span><\/div>\n<\/div>\n<p><span style=\"color: #00abcc;\">Das Sport-Live und Schlager etwas miteinander zu tun haben k\u00f6nnen, erschlie\u00dft sich zugegeben nicht auf den ersten Blick. Dass es aber durchaus Gemeinsamkeiten gibt, daf\u00fcr sorgt ein kleines Team von \u201eSport-Live\u201c Woche f\u00fcr Woche auf dem freien NRW-Landessender NRWision. Dort l\u00e4uft seit gut eineinhalb Jahren das bereits 86 mal in Dortmund produzierte Sende-Format \u201eSchlagercouch\u201c.<br \/>\n\u201eMittlerweile haben wir K\u00fcnstler aus Deutschland sowie dem deutschsprachigen Ausland in Dortmund zu Gast. Mittlerweile ist die \u201eSchlagercouch\u201c vom Team rund um Uwe Kisker sogar so erfolgreich, dass die Sendung regelm\u00e4\u00dfig auf Platz 1 in den Mediathek-Charts zu finden ist und enorme Abruf-Zahlen vorweisen kann.<br \/>\n<\/span><\/p>\n<p><span style=\"color: #00abcc;\">Bekannte Schlager-Gr\u00f6\u00dfen wie Sch\u00e4fer Heinrich, Peter Sebastian, zahlreiche Mallorca-Gr\u00f6\u00dfen\u00a0 aber auch bis dato lokal bekannte Schlager-S\u00e4nger haben sich in Dortmund bereits die Klinke in die Hand gegeben. \u201eWir zeichnen meistens einmal im Monat am Wochenende 2-4 Sendungen auf welche dann Abends direkt schon fertig produziert sind. Somit gibt es fast w\u00f6chentlich eine aktuelle Episode zu sehen. Wir arbeiten wie normale Fernsehsender<\/span><\/p>\n<p><span style=\"color: #00abcc;\">\u00a0\u201eWir kommen unserem Namen aber nat\u00fcrlich auch nach, und \u00fcbertragen auch Sportveranstaltungen wie z.B. die Hallenfu\u00dfball-Meisterschaft oder die Heimspiele von den Handball-Frauen von Borussia Dortmund\u201c, sagt Uwe Kisker.<\/span><\/p>\n<p><span style=\"color: #00abcc;\">Aber in der Musik f\u00fchlt man sich seit mittlerweile 34 Jahren auch zuhause. \u201eWir haben von Beginn an immer zahlreiche Musik-Formate im Video produziert. Da dass aber wegen Corona nicht geht, versorgen wir die Musik-Fans mit der Schlagercouch nat\u00fcrlich gerne weiter mit Musik und Hintergrundgespr\u00e4chen\u201c, so Kisker weiter.<br \/>\nM\u00f6gliche Mitstreiter, Interessenten und K\u00fcnstler k\u00f6nnen sich auf den Internetseiten www.schlagercouch.de sowie www.sportlive-tv.de informieren und Kontakt zu Redaktion und Team aufnehmen.<\/span><\/p>\n<p>&nbsp;<\/p>\n<\/div>\n","protected":false},"excerpt":{"rendered":"<p>Jede Woche eine neue Sendung ! R\u00fcckblick!\u00a0 91 Sendungen Schlagercouch im TV Das Sport-Live und Schlager etwas miteinander zu tun haben k\u00f6nnen, erschlie\u00dft sich zugegeben nicht auf den ersten Blick. Dass es aber durchaus Gemeinsamkeiten gibt, daf\u00fcr sorgt ein kleines Team von \u201eSport-Live\u201c Woche f\u00fcr Woche auf dem freien NRW-Landessender<\/p>\n","protected":false},"author":1,"featured_media":0,"parent":0,"menu_order":0,"comment_status":"closed","ping_status":"closed","template":"","meta":{"footnotes":""},"class_list":["post-48","page","type-page","status-publish","hentry"],"_links":{"self":[{"href":"https:\/\/jolly-shirley.5-9-93-119.plesk.page\/index.php\/wp-json\/wp\/v2\/pages\/48","targetHints":{"allow":["GET"]}}],"collection":[{"href":"https:\/\/jolly-shirley.5-9-93-119.plesk.page\/index.php\/wp-json\/wp\/v2\/pages"}],"about":[{"href":"https:\/\/jolly-shirley.5-9-93-119.plesk.page\/index.php\/wp-json\/wp\/v2\/types\/page"}],"author":[{"embeddable":true,"href":"https:\/\/jolly-shirley.5-9-93-119.plesk.page\/index.php\/wp-json\/wp\/v2\/users\/1"}],"replies":[{"embeddable":true,"href":"https:\/\/jolly-shirley.5-9-93-119.plesk.page\/index.php\/wp-json\/wp\/v2\/comments?post=48"}],"version-history":[{"count":5,"href":"https:\/\/jolly-shirley.5-9-93-119.plesk.page\/index.php\/wp-json\/wp\/v2\/pages\/48\/revisions"}],"predecessor-version":[{"id":543,"href":"https:\/\/jolly-shirley.5-9-93-119.plesk.page\/index.php\/wp-json\/wp\/v2\/pages\/48\/revisions\/543"}],"wp:attachment":[{"href":"https:\/\/jolly-shirley.5-9-93-119.plesk.page\/index.php\/wp-json\/wp\/v2\/media?parent=48"}],"curies":[{"name":"wp","href":"https:\/\/api.w.org\/{rel}","templated":true}]}}