{"id":29,"date":"2022-01-09T19:42:04","date_gmt":"2022-01-09T19:42:04","guid":{"rendered":"https:\/\/jolly-shirley.5-9-93-119.plesk.page\/?page_id=29"},"modified":"2022-01-09T19:42:04","modified_gmt":"2022-01-09T19:42:04","slug":"impressum","status":"publish","type":"page","link":"https:\/\/jolly-shirley.5-9-93-119.plesk.page\/index.php\/impressum\/","title":{"rendered":"Impressum"},"content":{"rendered":"<div class=\"col-md-9\">\n<p><strong>Inhaltlich Verantwortlicher gem\u00e4\u00df \u00a76 MDStV ist die Event-Live TV-Produktion Dortmund GmbH <\/strong><\/p>\n<p>Haftungshinweis:\u00a0Trotz sorgf\u00e4ltiger inhaltlicher Kontrolle \u00fcbernehmen wir keine Haftung f\u00fcr die Inhalte externer Links.F\u00fcr den Inhalt der verlinkten Seiten sind ausschlie\u00dflich deren Betreiber verantwortlich.\u00a0Alle Medieninhalte (Videos, Bilder und Texte) auf den Seiten von Sport-Live e.V. sind urheberrechtlich gesch\u00fctzt und d\u00fcrfen nicht ohne ausdr\u00fcckliche Genehmigung kopiert oder verlinkt werden.<\/p>\n<p><strong>Event-Live TV-Produktion Dortmund GmbH<\/strong><br \/>\nGe\u00dflerstr. 13<br \/>\n44141 Dortmund<br \/>\nTel.: 02 31 \u2013 92 72 43 00<br \/>\neMail: Mail@Eventlive-tvproduktion.de<\/p>\n<p><strong>Gesch\u00e4ftsf\u00fchrung:<\/strong><br \/>\nNicole Fix (Hauptgesch\u00e4ftsf\u00fchrerin)<br \/>\nManfred Simsch (Finanzen)<br \/>\nUwe Kisker (Produktion &amp; Pressearbeit)<\/p>\n<p><strong>Bildnachweise:<\/strong><br \/>\nEvent-Live TV-Produktion Dortmund &#8211; Team<br \/>\nStephan Sch\u00fctze, Dortmund<\/p>\n<p>&nbsp;<\/p>\n<h3>Wir nehmen den Datenschutz sehr ernst!<\/h3>\n<p>Wenn Sie wissen m\u00f6chten, was f\u00fcr Daten und zu welchem Zweck wir diese erheben, schauen Sie bitte auf unsere &gt;&gt; <a href=\"https:\/\/eventlive-tvproduktion.de\/?page_id=32\" data-type=\"page\" data-id=\"32\">Datenschutzerkl\u00e4rung<\/a> &lt;&lt;<\/p>\n<p>Wir weisen darauf hin, dass wir unsererseits Daten von Ihrem Besuch auf unserer Webseite erheben.<\/p>\n<p>Dabei handelt es sich um folgende Informationen, die Ihr Browser automatisch an uns \u00fcbermittelt. Dies sind:<\/p>\n<ul>\n<li>Browsertyp und Browserversion<\/li>\n<li>verwendetes Betriebssystem<\/li>\n<li>Referrer URL<\/li>\n<li>Hostname des zugreifenden Rechners<\/li>\n<li>Uhrzeit der Serveranfrage<\/li>\n<\/ul>\n<p>Diese Daten werden in sogenannten Server-Logfiles ablegt. Sie sind nicht bestimmten Personen zuordenbar. Eine Zusammenf\u00fchrung dieser Daten mit anderen Datenquellen wird nicht vorgenommen. Wir behalten uns vor, diese Daten nachtr\u00e4glich zu pr\u00fcfen, wenn uns konkrete Anhaltspunkte f\u00fcr eine rechtswidrige Nutzung bekannt werden.<\/p>\n<p><em>Hinweis:<\/em><\/p>\n<p><em>Auf unseren Seiten sind Beitr\u00e4ge aus der Mediathek von NRWision eingebettet. NRWision ist ein Projekt der Technischen Universit\u00e4t Dortmund, gef\u00f6rdert von der Landesanstalt f\u00fcr Medien NRW.\u00a0<\/em><\/p>\n<p><em>Wenn Sie unsere Seiten besuchen, setzt NRWision ein Cookie auf Ihrem System. Cookies sind kleine Textdateien, die auf Ihrem Rechner abgelegt werden und die Ihr Browser speichert. Sie richten auf Ihrem Rechner keinen Schaden an und enthalten keine Viren. NRWision erh\u00e4lt dadurch die Information, dass Sie mit Ihrer IP-Adresse unsere Seite besucht haben. Diese Information ist anonymisiert. NRWision kann keinen R\u00fcckschluss auf Ihre Person ziehen.\u00a0<\/em><\/p>\n<p><em>Weitere Informationen finden Sie in der Datenschutzerkl\u00e4rung von NRWision: <a href=\"https:\/\/www.nrwision.de\/info\/datenschutz\/\" target=\"_blank\" rel=\"noreferrer noopener\">https:\/\/www.nrwision.de\/info\/datenschutz\/<\/a><\/em><\/p>\n<\/div>\n","protected":false},"excerpt":{"rendered":"<p>Inhaltlich Verantwortlicher gem\u00e4\u00df \u00a76 MDStV ist die Event-Live TV-Produktion Dortmund GmbH Haftungshinweis:\u00a0Trotz sorgf\u00e4ltiger inhaltlicher Kontrolle \u00fcbernehmen wir keine Haftung f\u00fcr die Inhalte externer Links.F\u00fcr den Inhalt der verlinkten Seiten sind ausschlie\u00dflich deren Betreiber verantwortlich.\u00a0Alle Medieninhalte (Videos, Bilder und Texte) auf den Seiten von Sport-Live e.V. sind urheberrechtlich gesch\u00fctzt und d\u00fcrfen<\/p>\n","protected":false},"author":1,"featured_media":0,"parent":0,"menu_order":0,"comment_status":"closed","ping_status":"closed","template":"","meta":{"footnotes":""},"class_list":["post-29","page","type-page","status-publish","hentry"],"_links":{"self":[{"href":"https:\/\/jolly-shirley.5-9-93-119.plesk.page\/index.php\/wp-json\/wp\/v2\/pages\/29","targetHints":{"allow":["GET"]}}],"collection":[{"href":"https:\/\/jolly-shirley.5-9-93-119.plesk.page\/index.php\/wp-json\/wp\/v2\/pages"}],"about":[{"href":"https:\/\/jolly-shirley.5-9-93-119.plesk.page\/index.php\/wp-json\/wp\/v2\/types\/page"}],"author":[{"embeddable":true,"href":"https:\/\/jolly-shirley.5-9-93-119.plesk.page\/index.php\/wp-json\/wp\/v2\/users\/1"}],"replies":[{"embeddable":true,"href":"https:\/\/jolly-shirley.5-9-93-119.plesk.page\/index.php\/wp-json\/wp\/v2\/comments?post=29"}],"version-history":[{"count":1,"href":"https:\/\/jolly-shirley.5-9-93-119.plesk.page\/index.php\/wp-json\/wp\/v2\/pages\/29\/revisions"}],"predecessor-version":[{"id":30,"href":"https:\/\/jolly-shirley.5-9-93-119.plesk.page\/index.php\/wp-json\/wp\/v2\/pages\/29\/revisions\/30"}],"wp:attachment":[{"href":"https:\/\/jolly-shirley.5-9-93-119.plesk.page\/index.php\/wp-json\/wp\/v2\/media?parent=29"}],"curies":[{"name":"wp","href":"https:\/\/api.w.org\/{rel}","templated":true}]}}